{"id":14129,"date":"2024-11-29T17:17:47","date_gmt":"2024-11-29T23:17:47","guid":{"rendered":"https:\/\/caminoalmare.com\/?page_id=14129"},"modified":"2025-02-07T14:41:53","modified_gmt":"2025-02-07T20:41:53","slug":"landing-3","status":"publish","type":"page","link":"https:\/\/caminoalmare.com\/es\/landing-3\/","title":{"rendered":"Landing 3"},"content":{"rendered":"\n<section style=\"background-color:#02002e\" class=\"wp-block-agctexdomain-wrapper-agcblocks alignfull paddingTopBottom0 paddingTopBottomTablet0 paddingTopBottomMobile0 paddingLeftRight0 paddingLeftRightTablet0 paddingLeftRightMobile0 backgroundNoRepeat backgroundCover alturaDefault\"><div class=\"container\"><div class=\"wrapper-inner-blocks\">\n<div style=\"height:20px\" aria-hidden=\"true\" class=\"wp-block-spacer\"><\/div>\n\n\n<div class=\"wp-block-image\">\n<figure class=\"aligncenter size-full is-resized\"><img loading=\"lazy\" decoding=\"async\" width=\"532\" height=\"40\" src=\"https:\/\/caminoalmare.com\/wp-content\/uploads\/2022\/03\/logo-caminoalmare.png\" alt=\"\" class=\"wp-image-8623\" style=\"width:376px;height:auto\" srcset=\"https:\/\/caminoalmare.com\/wp-content\/uploads\/2022\/03\/logo-caminoalmare.png 532w, https:\/\/caminoalmare.com\/wp-content\/uploads\/2022\/03\/logo-caminoalmare-250x19.png 250w, https:\/\/caminoalmare.com\/wp-content\/uploads\/2022\/03\/logo-caminoalmare-480x36.png 480w\" sizes=\"auto, (max-width: 532px) 100vw, 532px\" \/><\/figure>\n<\/div><\/div><\/div> <div class=\"bg-forma\"><\/div><\/section>\n\n\n\n<div class=\"wp-block-themepunch-revslider revslider\" data-modal=\"false\" data-slidertitle=\"Portada Landing 3\" style=\"\">\n\t\t\t<!-- START Portada Landing 3 REVOLUTION SLIDER 6.7.30 --><p class=\"rs-p-wp-fix\"><\/p>\n\t\t\t<rs-module-wrap id=\"rev_slider_5_1_wrapper\" data-source=\"gallery\" style=\"visibility:hidden;background:transparent;padding:0;margin:0px auto;margin-top:0;margin-bottom:0;\">\n\t\t\t\t<rs-module id=\"rev_slider_5_1\" style=\"\" data-version=\"6.7.30\">\n\t\t\t\t\t<rs-slides style=\"overflow: hidden; position: absolute;\">\n\t\t\t\t\t\t<rs-slide style=\"position: absolute;\" data-key=\"rs-8\" data-title=\"Slide\" data-anim=\"e:slidingoverlay;ms:2000;\" data-in=\"o:1;y:-100%;\" data-out=\"a:false;\">\n\t\t\t\t\t\t\t<img decoding=\"async\" src=\"\/\/caminoalmare.com\/wp-content\/plugins\/revslider\/sr6\/assets\/assets\/dummy.png\" alt=\"\" title=\"Landing 3 (img 1)\" width=\"1600\" height=\"700\" class=\"rev-slidebg tp-rs-img rs-lazyload\" data-lazyload=\"\/\/caminoalmare.com\/wp-content\/uploads\/2025\/01\/Landing-3-img-1.webp\" data-no-retina>\n<!---->\t\t\t\t\t<\/rs-slide>\n\t\t\t\t\t<\/rs-slides>\n\t\t\t\t<\/rs-module>\n\t\t\t\t<script>\n\t\t\t\t\tsetREVStartSize({c: 'rev_slider_5_1',rl:[1240,1024,778,480],el:[700],gw:[1240],gh:[700],type:'standard',justify:'',layout:'fullwidth',mh:\"0\"});if (window.RS_MODULES!==undefined && window.RS_MODULES.modules!==undefined && window.RS_MODULES.modules[\"revslider51\"]!==undefined) {window.RS_MODULES.modules[\"revslider51\"].once = false;window.revapi5 = undefined;if (window.RS_MODULES.checkMinimal!==undefined) window.RS_MODULES.checkMinimal()}\n\t\t\t\t<\/script>\n\t\t\t<\/rs-module-wrap>\n\t\t\t<!-- END REVOLUTION SLIDER -->\n<\/div>\n\n\n\n<section style=\"background-color:#fafafa\" class=\"wp-block-agctexdomain-wrapper-agcblocks alignwide paddingTopBottom60 paddingTopBottomTablet60 paddingTopBottomMobile50 paddingLeftRight0 paddingLeftRightTablet0 paddingLeftRightMobile0 backgroundNoRepeat backgroundCover alturaDefault\"><div class=\"container\"><div class=\"wrapper-inner-blocks\" style=\"max-width:840px\">\n<section class=\"wp-block-agctexdomain-columnas-agcblocks alignwide columnas col-1 col-1-a paddingTopBottom0 paddingTopBottomTablet0 paddingTopBottomMobile0 alturaDefault\"><div class=\"container\">\n<div class=\"wp-block-agctexdomain-columna-agcblocks Columna ag-animation css-animacionNone alineacion-vertical-top\" data-ag-animation=\"animacionNone\" style=\"text-align:left\"><div class=\"ColumnaContent paddingTopBottom0 paddingTopBottomTablet0 paddingTopBottomMobile0 paddingLeftRight20 paddingLeftRightTablet20 paddingLeftRightMobile20\"><div class=\"animate-sal-block\" data-sal=\"slide-up\" data-sal-duration=\"800\" data-sal-delay=\"100\">\n        \n\n<h2 class=\"wp-block-heading has-text-align-center font-lato\" style=\"font-size:28px;text-transform:none\"><br>Encuentra el equilibrio perfecto entre lujo y rendimiento con nuestra exclusiva selecci\u00f3n de yates preowned.<\/h2>\n\n\n\n<p class=\"has-text-align-center\">Camino al Mare, adem\u00e1s de ser distribuidores oficiales en M\u00e9xico de diversas marcas y ofrecer una selecta variedad de yates, cuenta con la exclusiva l\u00ednea de yates Preowned de Sirena Yachts. Cada una de las embarcaciones seleccionadas han sido revisadas meticulosamente en mantenimiento est\u00e9tico y t\u00e9cnico, y cuenta con certificaci\u00f3n para garantizar una navegaci\u00f3n en confort y seguridad.<\/p>\n\n\n    <\/div><\/div> <\/div>\n<\/div> <div class=\"bg-forma bg-forma-display-none\"><\/div><\/section>\n<\/div><\/div> <div class=\"bg-forma\"><\/div><\/section>\n\n\n\n<section style=\"background-color:#02002e\" class=\"wp-block-agctexdomain-wrapper-agcblocks  paddingTopBottom60 paddingTopBottomTablet60 paddingTopBottomMobile50 paddingLeftRight0 paddingLeftRightTablet0 paddingLeftRightMobile0 backgroundNoRepeat backgroundCover alturaDefault\"><div class=\"container\"><div class=\"wrapper-inner-blocks\" style=\"max-width:1140px\">\n<section class=\"wp-block-agctexdomain-columnas-agcblocks alignwide columnas col-2 col-2-a paddingTopBottom0 paddingTopBottomTablet0 paddingTopBottomMobile0 alturaDefault\"><div class=\"container\">\n<div class=\"wp-block-agctexdomain-columna-agcblocks Columna ag-animation css-animacionNone alineacion-vertical-center\" data-ag-animation=\"animacionNone\" style=\"text-align:left\"><div class=\"ColumnaContent paddingTopBottom0 paddingTopBottomTablet0 paddingTopBottomMobile0 paddingLeftRight20 paddingLeftRightTablet20 paddingLeftRightMobile20\"><div class=\"animate-sal-block\" data-sal=\"slide-up\" data-sal-duration=\"600\" data-sal-delay=\"100\" data-sal-repeat>\n        \n\n<figure class=\"wp-block-image size-full is-resized\"><img loading=\"lazy\" decoding=\"async\" width=\"210\" height=\"250\" src=\"https:\/\/caminoalmare.com\/wp-content\/uploads\/2022\/03\/logo-footer-1.png\" alt=\"\" class=\"wp-image-8625\" style=\"width:105px;height:auto\"\/><\/figure>\n\n\n\n<p class=\"has-text-color has-link-color wp-elements-65de307009c1ece0a42c8474b20ab3c8\" style=\"color:#ffffff;font-size:20px\">D\u00e9janos tus datos y te ofreceremos asesor\u00eda personalizada y acompa\u00f1amiento en cada paso de la compra de tu embarcaci\u00f3n ideal.<\/p>\n\n\n    <\/div><\/div> <\/div>\n\n\n\n<div class=\"wp-block-agctexdomain-columna-agcblocks Columna ag-animation css-animacionNone alineacion-vertical-top\" data-ag-animation=\"animacionNone\" style=\"text-align:left\"><div class=\"ColumnaContent paddingTopBottom0 paddingTopBottomTablet0 paddingTopBottomMobile0 paddingLeftRight20 paddingLeftRightTablet20 paddingLeftRightMobile20\">\n<section class=\"wp-block-agctexdomain-wrapper-agcblocks alignwide paddingTopBottom0 paddingTopBottomTablet0 paddingTopBottomMobile0 paddingLeftRight0 paddingLeftRightTablet0 paddingLeftRightMobile0 backgroundNoRepeat backgroundCover alturaDefault\" id=\"contacto\"><div class=\"container\"><div class=\"wrapper-inner-blocks\"><\/div><\/div> <div class=\"bg-forma\"><\/div><\/section>\n\n\n\n<div style=\"height:60px\" aria-hidden=\"true\" class=\"wp-block-spacer\"><\/div>\n\n\n<div class=\"animate-sal-block\" data-sal=\"slide-up\" data-sal-duration=\"800\" data-sal-delay=\"300\" data-sal-repeat>\n        \n\n<div class=\"wp-block-contact-form-7-contact-form-selector\">\n<div class=\"wpcf7 no-js\" id=\"wpcf7-f14685-o1\" lang=\"es-ES\" dir=\"ltr\" data-wpcf7-id=\"14685\">\n<div class=\"screen-reader-response\"><p role=\"status\" aria-live=\"polite\" aria-atomic=\"true\"><\/p> <ul><\/ul><\/div>\n<form action=\"\/es\/wp-json\/wp\/v2\/pages\/14129#wpcf7-f14685-o1\" method=\"post\" class=\"wpcf7-form init form-bg-azul\" aria-label=\"Formulario de contacto\" novalidate=\"novalidate\" data-status=\"init\">\n<fieldset class=\"hidden-fields-container\"><input type=\"hidden\" name=\"_wpcf7\" value=\"14685\" \/><input type=\"hidden\" name=\"_wpcf7_version\" value=\"6.1.5\" \/><input type=\"hidden\" name=\"_wpcf7_locale\" value=\"es_ES\" \/><input type=\"hidden\" name=\"_wpcf7_unit_tag\" value=\"wpcf7-f14685-o1\" \/><input type=\"hidden\" name=\"_wpcf7_container_post\" value=\"0\" \/><input type=\"hidden\" name=\"_wpcf7_posted_data_hash\" value=\"\" \/><input type=\"hidden\" name=\"_wpcf7cf_hidden_group_fields\" value=\"[]\" \/><input type=\"hidden\" name=\"_wpcf7cf_hidden_groups\" value=\"[]\" \/><input type=\"hidden\" name=\"_wpcf7cf_visible_groups\" value=\"[]\" \/><input type=\"hidden\" name=\"_wpcf7cf_repeaters\" value=\"[]\" \/><input type=\"hidden\" name=\"_wpcf7cf_steps\" value=\"{}\" \/><input type=\"hidden\" name=\"_wpcf7cf_options\" value=\"{&quot;form_id&quot;:14685,&quot;conditions&quot;:[],&quot;settings&quot;:{&quot;animation&quot;:&quot;yes&quot;,&quot;animation_intime&quot;:200,&quot;animation_outtime&quot;:200,&quot;conditions_ui&quot;:&quot;normal&quot;,&quot;notice_dismissed&quot;:false,&quot;notice_dismissed_rollback-cf7-5.8&quot;:true,&quot;notice_dismissed_rollback-cf7-5.8.6&quot;:true}}\" \/><input type=\"hidden\" name=\"_wpcf7_recaptcha_response\" value=\"\" \/>\n<\/fieldset>\n<div class=\"wrap-form wrap-form-2\">\n<div class=\"input-wrap-form\">\n<label>Nombre<\/label>\n<span class=\"wpcf7-form-control-wrap\" data-name=\"your-name\"><input size=\"40\" maxlength=\"400\" class=\"wpcf7-form-control wpcf7-text wpcf7-validates-as-required\" aria-required=\"true\" aria-invalid=\"false\" value=\"\" type=\"text\" name=\"your-name\" \/><\/span>\n<\/div>\n<div class=\"input-wrap-form\">\n<label>Apellido<\/label>\n<span class=\"wpcf7-form-control-wrap\" data-name=\"apellido\"><input size=\"40\" maxlength=\"400\" class=\"wpcf7-form-control wpcf7-text wpcf7-validates-as-required\" aria-required=\"true\" aria-invalid=\"false\" value=\"\" type=\"text\" name=\"apellido\" \/><\/span>\n<\/div>\n<\/div>\n\n<div class=\"wrap-form wrap-form-2\">\n<div class=\"input-wrap-form\">\n<label>Tel\u00e9fono<\/label>\n<span class=\"wpcf7-form-control-wrap\" data-name=\"tel-455\"><input size=\"40\" maxlength=\"400\" class=\"wpcf7-form-control wpcf7-tel wpcf7-validates-as-required wpcf7-text wpcf7-validates-as-tel\" aria-required=\"true\" aria-invalid=\"false\" value=\"\" type=\"tel\" name=\"tel-455\" \/><\/span>\n<\/div>\n<div class=\"input-wrap-form\">\n<label>Email<\/label>\n<span class=\"wpcf7-form-control-wrap\" data-name=\"your-email\"><input size=\"40\" maxlength=\"400\" class=\"wpcf7-form-control wpcf7-email wpcf7-validates-as-required wpcf7-text wpcf7-validates-as-email\" aria-required=\"true\" aria-invalid=\"false\" value=\"\" type=\"email\" name=\"your-email\" \/><\/span>\n<\/div>\n<\/div>\n\n\n<div class=\"wrap-form wrap-form-1\">\n<div class=\"input-wrap-form\">\n<label>Mensaje<\/label>\n <span class=\"wpcf7-form-control-wrap\" data-name=\"your-message\"><textarea cols=\"40\" rows=\"10\" maxlength=\"2000\" class=\"wpcf7-form-control wpcf7-textarea\" aria-invalid=\"false\" name=\"your-message\"><\/textarea><\/span>\n<\/div>\n<\/div>\n\n<div class=\"wrap-form wrap-form-1\">\n<div class=\"input-wrap-form\">\n <input class=\"wpcf7-form-control wpcf7-submit has-spinner\" type=\"submit\" value=\"Enviar\" \/>\n<\/div>\n<\/div><div class=\"wpcf7-response-output\" aria-hidden=\"true\"><\/div>\n<\/form>\n<\/div>\n<\/div>\n\n\n    <\/div><\/div> <\/div>\n<\/div> <div class=\"bg-forma bg-forma-display-none\"><\/div><\/section>\n<\/div><\/div> <div class=\"bg-forma\"><\/div><\/section>\n\n\n\n<section class=\"wp-block-agctexdomain-wrapper-agcblocks alignfull paddingTopBottom60 paddingTopBottomTablet60 paddingTopBottomMobile50 paddingLeftRight40 paddingLeftRightTablet40 paddingLeftRightMobile20 backgroundNoRepeat backgroundCover alturaDefault\"><div class=\"container\"><div class=\"wrapper-inner-blocks\">\n<section class=\"wp-block-agctexdomain-columnas-agcblocks alignwide columnas col-1 col-1-a paddingTopBottom0 paddingTopBottomTablet0 paddingTopBottomMobile0 alturaDefault\"><div class=\"container\">\n<div class=\"wp-block-agctexdomain-columna-agcblocks Columna ag-animation css-animacionNone alineacion-vertical-top\" data-ag-animation=\"animacionNone\" style=\"text-align:left\"><div class=\"ColumnaContent paddingTopBottom0 paddingTopBottomTablet0 paddingTopBottomMobile0 paddingLeftRight20 paddingLeftRightTablet20 paddingLeftRightMobile20\">\n<h2 class=\"wp-block-heading has-text-align-center font-lato\" style=\"font-size:32px\"><br><strong>YATES PREOWNED CERTIFICADOS<\/strong><\/h2>\n\n\n\n<div style=\"height:60px\" aria-hidden=\"true\" class=\"wp-block-spacer\"><\/div>\n<\/div> <\/div>\n<\/div> <div class=\"bg-forma bg-forma-display-none\"><\/div><\/section>\n\n\n\n<section class=\"wp-block-agctexdomain-columnas-agcblocks alignfull columnas col-2 col-2-a paddingTopBottom0 paddingTopBottomTablet0 paddingTopBottomMobile0 alturaDefault\"><div class=\"container\">\n<div class=\"wp-block-agctexdomain-columna-agcblocks Columna ag-animation css-animacionNone alineacion-vertical-top\" data-ag-animation=\"animacionNone\" style=\"text-align:left\"><div class=\"ColumnaContent paddingTopBottom0 paddingTopBottomTablet0 paddingTopBottomMobile0 paddingLeftRight10 paddingLeftRightTablet20 paddingLeftRightMobile20\"><div class=\"animate-sal-block\" data-sal=\"slide-right\" data-sal-duration=\"800\" data-sal-delay=\"100\">\n        \n\n<div class=\"wp-block-cover alignfull is-light\"><span aria-hidden=\"true\" class=\"wp-block-cover__background has-background-dim-0 has-background-dim\" style=\"background-color:#a9acb0\"><\/span><img decoding=\"async\" class=\"wp-block-cover__image-background wp-image-14136\" alt=\"\" src=\"https:\/\/caminoalmare.com\/wp-content\/uploads\/2024\/11\/comprar-yates-seminuevos.jpg\" data-object-fit=\"cover\"\/><div class=\"wp-block-cover__inner-container is-layout-flow wp-block-cover-is-layout-flow\">\n<p class=\"has-text-align-center has-large-font-size\"><\/p>\n<\/div><\/div>\n\n\n    <\/div><\/div> <\/div>\n\n\n\n<div class=\"wp-block-agctexdomain-columna-agcblocks Columna ag-animation css-animacionNone alineacion-vertical-center\" data-ag-animation=\"animacionNone\" style=\"text-align:left\"><div class=\"ColumnaContent paddingTopBottom0 paddingTopBottomTablet0 paddingTopBottomMobile0 paddingLeftRight10 paddingLeftRightTablet20 paddingLeftRightMobile20\"><div class=\"animate-sal-block\" data-sal=\"slide-right\" data-sal-duration=\"800\" data-sal-delay=\"100\">\n        \n\n<div class=\"wp-block-cover alignfull is-light\"><span aria-hidden=\"true\" class=\"wp-block-cover__background has-background-dim-0 has-background-dim\" style=\"background-color:#b1aaa4\"><\/span><img decoding=\"async\" class=\"wp-block-cover__image-background wp-image-14138\" alt=\"\" src=\"https:\/\/caminoalmare.com\/wp-content\/uploads\/2024\/11\/sirena-yachts-seminuevos-en-venta.jpg\" data-object-fit=\"cover\"\/><div class=\"wp-block-cover__inner-container is-layout-flow wp-block-cover-is-layout-flow\">\n<p class=\"has-text-align-center has-large-font-size\"><\/p>\n<\/div><\/div>\n\n\n    <\/div><\/div> <\/div>\n<\/div> <div class=\"bg-forma bg-forma-display-none\"><\/div><\/section>\n<\/div><\/div> <div class=\"bg-forma\"><\/div><\/section>\n\n\n\n<section class=\"wp-block-agctexdomain-wrapper-agcblocks alignwide paddingTopBottom0 paddingTopBottomTablet0 paddingTopBottomMobile0 paddingLeftRight0 paddingLeftRightTablet0 paddingLeftRightMobile0 backgroundNoRepeat backgroundCover alturaDefault\"><div class=\"container\"><div class=\"wrapper-inner-blocks\">\n<section class=\"wp-block-agctexdomain-columnas-agcblocks alignwide columnas col-2 col-2-a paddingTopBottom0 paddingTopBottomTablet0 paddingTopBottomMobile0 alturaDefault\"><div class=\"container\">\n<div class=\"wp-block-agctexdomain-columna-agcblocks Columna ag-animation css-animacionNone alineacion-vertical-center\" data-ag-animation=\"animacionNone\" style=\"text-align:left\"><div class=\"ColumnaContent paddingTopBottom0 paddingTopBottomTablet0 paddingTopBottomMobile0 paddingLeftRight20 paddingLeftRightTablet20 paddingLeftRightMobile20\">\n<h3 class=\"wp-block-heading font-lato\" style=\"font-size:28px\"><br>Cada yate de nuestra Selecci\u00f3n Premium pasa por un riguroso proceso de inspecci\u00f3n para garantizar que est\u00e9 en condiciones \u00f3ptimas.<\/h3>\n<\/div> <\/div>\n\n\n\n<div class=\"wp-block-agctexdomain-columna-agcblocks Columna ag-animation css-animacionNone alineacion-vertical-center\" data-ag-animation=\"animacionNone\" style=\"text-align:left\"><div class=\"ColumnaContent paddingTopBottom0 paddingTopBottomTablet0 paddingTopBottomMobile0 paddingLeftRight20 paddingLeftRightTablet20 paddingLeftRightMobile20\">\n<ul class=\"wp-block-list is-style-ListCheck\">\n<li>Certificaci\u00f3n completa del estado de cada yate.<\/li>\n\n\n\n<li>Dise\u00f1o sofisticado, con amplios espacios y acabados de lujo.<\/li>\n\n\n\n<li>Combina un dise\u00f1o eficiente con una capacidad de larga distancia y estabilidad.<\/li>\n<\/ul>\n<\/div> <\/div>\n<\/div> <div class=\"bg-forma bg-forma-display-none\"><\/div><\/section>\n<\/div><\/div> <div class=\"bg-forma\"><\/div><\/section>\n\n\n\n<div style=\"height:100px\" aria-hidden=\"true\" class=\"wp-block-spacer\"><\/div>\n\n\n\n<section class=\"wp-block-agctexdomain-wrapper-agcblocks alignfull paddingTopBottom0 paddingTopBottomTablet0 paddingTopBottomMobile0 paddingLeftRight0 paddingLeftRightTablet0 paddingLeftRightMobile0 backgroundNoRepeat backgroundCover alturaDefault\"><div class=\"container\"><div class=\"wrapper-inner-blocks\">\n<section class=\"wp-block-agctexdomain-columnas-agcblocks alignwide columnas col-2 col-2-a paddingTopBottom0 paddingTopBottomTablet0 paddingTopBottomMobile0 alturaDefault\"><div class=\"container\">\n<div class=\"wp-block-agctexdomain-columna-agcblocks Columna ag-animation css-animacionNone alineacion-vertical-top altura-completa\" data-ag-animation=\"animacionNone\" style=\"text-align:left\"><div class=\"ColumnaContent paddingTopBottom0 paddingTopBottomTablet0 paddingTopBottomMobile0 paddingLeftRight0 paddingLeftRightTablet0 paddingLeftRightMobile0\"><div class=\"animate-sal-block\" data-sal=\"cover-img-split\" data-sal-duration=\"800\" data-sal-delay=\"100\">\n        \n\n<div class=\"wp-block-cover is-light\" style=\"min-height:100%;aspect-ratio:unset;\"><span aria-hidden=\"true\" class=\"wp-block-cover__background has-background-dim-0 has-background-dim\" style=\"background-color:#a49995\"><\/span><img decoding=\"async\" class=\"wp-block-cover__image-background wp-image-14148\" alt=\"\" src=\"https:\/\/caminoalmare.com\/wp-content\/uploads\/2024\/11\/barcos-seminuevos-de-alta-gama.jpg\" data-object-fit=\"cover\"\/><div class=\"wp-block-cover__inner-container is-layout-constrained wp-block-cover-is-layout-constrained\">\n<div style=\"height:280px\" aria-hidden=\"true\" class=\"wp-block-spacer\"><\/div>\n<\/div><\/div>\n\n\n    <\/div><\/div> <\/div>\n\n\n\n<div class=\"wp-block-agctexdomain-columna-agcblocks Columna ag-animation css-animacionNone alineacion-vertical-center\" data-ag-animation=\"animacionNone\" style=\"text-align:left;background-color:#ffffff\"><div class=\"ColumnaContent paddingTopBottom140 paddingTopBottomTablet0 paddingTopBottomMobile0 paddingLeftRight100 paddingLeftRightTablet20 paddingLeftRightMobile20\"><div class=\"animate-sal-block\" data-sal=\"fade\" data-sal-duration=\"800\" data-sal-delay=\"100\">\n        \n\n<h2 class=\"wp-block-heading font-lato has-color-1-color has-text-color has-link-color wp-elements-1c866df2f730b6f152e4f2d2660c206c\" style=\"font-size:32px\"><strong><strong><strong>DISE\u00d1O Y TECNOLOG\u00cdA DE PUNTA<\/strong><\/strong><\/strong><\/h2>\n\n\n\n<p>Los yates Sirena son sin\u00f3nimo de dise\u00f1o innovador y tecnolog\u00eda de vanguardia. Ya sea que est\u00e9s navegando en largas distancias o disfrutando de una tranquila traves\u00eda, contar\u00e1s con la seguridad y confianza de una embarcaci\u00f3n de excelencia.<\/p>\n\n\n    <\/div><\/div> <\/div>\n<\/div> <div class=\"bg-forma bg-forma-display-none\"><\/div><\/section>\n<\/div><\/div> <div class=\"bg-forma\"><\/div><\/section>\n\n\n\n<section class=\"wp-block-agctexdomain-wrapper-agcblocks alignfull paddingTopBottom0 paddingTopBottomTablet0 paddingTopBottomMobile0 paddingLeftRight0 paddingLeftRightTablet0 paddingLeftRightMobile0 backgroundNoRepeat backgroundCover alturaDefault\"><div class=\"container\"><div class=\"wrapper-inner-blocks\">\n<section class=\"wp-block-agctexdomain-columnas-agcblocks alignwide columnas col-2 col-2-a paddingTopBottom0 paddingTopBottomTablet0 paddingTopBottomMobile0 alturaDefault\"><div class=\"container\">\n<div class=\"wp-block-agctexdomain-columna-agcblocks Columna ag-animation css-animacionNone alineacion-vertical-top is-style-orderDer altura-completa\" data-ag-animation=\"animacionNone\" style=\"text-align:left\"><div class=\"ColumnaContent paddingTopBottom0 paddingTopBottomTablet0 paddingTopBottomMobile0 paddingLeftRight0 paddingLeftRightTablet0 paddingLeftRightMobile0\"><div class=\"animate-sal-block\" data-sal=\"cover-img-split\" data-sal-duration=\"800\" data-sal-delay=\"100\">\n        \n\n<div class=\"wp-block-cover is-light\" style=\"min-height:100%;aspect-ratio:unset;\"><span aria-hidden=\"true\" class=\"wp-block-cover__background has-background-dim-0 has-background-dim\" style=\"background-color:#a7b0bc\"><\/span><img decoding=\"async\" class=\"wp-block-cover__image-background wp-image-14150\" alt=\"\" src=\"https:\/\/caminoalmare.com\/wp-content\/uploads\/2024\/11\/\u00bfdonde-comprar-barcos-seminuevos-de-lujo-en-mexico.jpg\" data-object-fit=\"cover\"\/><div class=\"wp-block-cover__inner-container is-layout-constrained wp-block-cover-is-layout-constrained\">\n<div style=\"height:280px\" aria-hidden=\"true\" class=\"wp-block-spacer\"><\/div>\n<\/div><\/div>\n\n\n    <\/div><\/div> <\/div>\n\n\n\n<div class=\"wp-block-agctexdomain-columna-agcblocks Columna ag-animation css-animacionNone alineacion-vertical-center is-style-orderIzq\" data-ag-animation=\"animacionNone\" style=\"text-align:left;background-color:#fafafa\"><div class=\"ColumnaContent paddingTopBottom140 paddingTopBottomTablet0 paddingTopBottomMobile0 paddingLeftRight100 paddingLeftRightTablet20 paddingLeftRightMobile20\"><div class=\"animate-sal-block\" data-sal=\"fade\" data-sal-duration=\"800\" data-sal-delay=\"100\">\n        \n\n<h2 class=\"wp-block-heading font-lato has-color-1-color has-text-color has-link-color wp-elements-aecd97eb4debe035f5435e6cffee9380\" style=\"font-size:32px\"><strong><strong>BENEFICIOS AL ELEGIR UN YATE PREOWNED<\/strong><\/strong><\/h2>\n\n\n\n<ul class=\"wp-block-list is-style-ListCheck\">\n<li>Precio competitivo: La mejor manera de acceder a un Sirena Yacht a un precio excepcional.<\/li>\n\n\n\n<li>Disponibilidad inmediata: Emb\u00e1rcate en una nueva aventura sin tiempo de espera de entrega prolongado.<\/li>\n\n\n\n<li>Asesor\u00eda personalizada: Nuestro equipo te brindar\u00e1 una experiencia personalizada para que encuentres el yate perfecto para tus necesidades.<\/li>\n<\/ul>\n\n\n    <\/div><\/div> <\/div>\n<\/div> <div class=\"bg-forma bg-forma-display-none\"><\/div><\/section>\n<\/div><\/div> <div class=\"bg-forma\"><\/div><\/section>\n\n\n\n<figure class=\"wp-block-image alignfull size-full margin-0\"><img decoding=\"async\" src=\"https:\/\/caminoalmare.com\/wp-content\/uploads\/2025\/01\/yates-seminuevos-para-largas-travesias.webp\" alt=\"\" class=\"wp-image-14454\"\/><\/figure>\n\n\n\n<section style=\"background-color:#02002e;color:#ffffff\" class=\"wp-block-agctexdomain-wrapper-agcblocks alignfull paddingTopBottom0 paddingTopBottomTablet0 paddingTopBottomMobile0 paddingLeftRight0 paddingLeftRightTablet0 paddingLeftRightMobile0 backgroundNoRepeat backgroundCover alturaDefault\"><div class=\"container\"><div class=\"wrapper-inner-blocks\" style=\"max-width:800px\">\n<div style=\"height:66px\" aria-hidden=\"true\" class=\"wp-block-spacer\"><\/div>\n\n\n\n<p class=\"has-text-align-center\">Cont\u00e1ctanos para conocer m\u00e1s detalles sobre nuestra Preowned Premium Selection y dar el primer paso hacia tu pr\u00f3xima aventura en el mar.<\/p>\n\n\n\n<div style=\"height:10px\" aria-hidden=\"true\" class=\"wp-block-spacer\"><\/div>\n\n\n\n<div class=\"wp-block-buttons is-content-justification-center is-layout-flex wp-container-core-buttons-is-layout-16018d1d wp-block-buttons-is-layout-flex\">\n<div class=\"wp-block-button\"><a class=\"wp-block-button__link has-color-1-color has-text-color has-background has-link-color wp-element-button\" href=\"#contacto\" style=\"background-color:#ffffff\">Cont\u00e1ctanos<\/a><\/div>\n<\/div>\n\n\n\n<div style=\"height:30px\" aria-hidden=\"true\" class=\"wp-block-spacer\"><\/div>\n\n\n\n<p class=\"has-text-align-center\" style=\"font-size:16px\">Camino al Mare, Distribuidores Oficiales<\/p>\n\n\n\n<div style=\"height:79px\" aria-hidden=\"true\" class=\"wp-block-spacer\"><\/div>\n<\/div><\/div> <div class=\"bg-forma\"><\/div><\/section>\n\n\n\n<a class=\"fixed-button-contacto\" href=\"#contacto\">\n<img class=\"pulseHeartBeat\" loading=\"lazy\" decoding=\"async\" width=\"100\" height=\"100\" src=\"https:\/\/caminoalmare.com\/wp-content\/webp-express\/webp-images\/uploads\/2024\/11\/contacto.png.webp\" alt=\"\" class=\"wp-image-14120\" style=\"width:50px\">\n<\/a>\n","protected":false},"excerpt":{"rendered":"","protected":false},"author":1,"featured_media":0,"parent":0,"menu_order":5,"comment_status":"closed","ping_status":"closed","template":"page-landing.php","meta":{"_acf_changed":false,"footnotes":""},"class_list":["post-14129","page","type-page","status-publish","hentry"],"acf":[],"_links":{"self":[{"href":"https:\/\/caminoalmare.com\/es\/wp-json\/wp\/v2\/pages\/14129","targetHints":{"allow":["GET"]}}],"collection":[{"href":"https:\/\/caminoalmare.com\/es\/wp-json\/wp\/v2\/pages"}],"about":[{"href":"https:\/\/caminoalmare.com\/es\/wp-json\/wp\/v2\/types\/page"}],"author":[{"embeddable":true,"href":"https:\/\/caminoalmare.com\/es\/wp-json\/wp\/v2\/users\/1"}],"replies":[{"embeddable":true,"href":"https:\/\/caminoalmare.com\/es\/wp-json\/wp\/v2\/comments?post=14129"}],"version-history":[{"count":0,"href":"https:\/\/caminoalmare.com\/es\/wp-json\/wp\/v2\/pages\/14129\/revisions"}],"wp:attachment":[{"href":"https:\/\/caminoalmare.com\/es\/wp-json\/wp\/v2\/media?parent=14129"}],"curies":[{"name":"wp","href":"https:\/\/api.w.org\/{rel}","templated":true}]}}