{"id":17579,"date":"2026-04-29T07:08:56","date_gmt":"2026-04-29T13:08:56","guid":{"rendered":"https:\/\/caminoalmare.com\/yacht-management\/"},"modified":"2026-04-29T08:24:51","modified_gmt":"2026-04-29T14:24:51","slug":"yacht-management","status":"publish","type":"page","link":"https:\/\/caminoalmare.com\/es\/yacht-management\/","title":{"rendered":"Yacht Management"},"content":{"rendered":"\n<div class=\"wp-block-cover alignfull is-light hero-landing\" style=\"min-height:80vh;aspect-ratio:unset;\"><img loading=\"lazy\" decoding=\"async\" width=\"1024\" height=\"576\" class=\"wp-block-cover__image-background wp-image-17221 size-large\" alt=\"\" src=\"https:\/\/caminoalmare.com\/wp-content\/uploads\/2026\/02\/6e7ca977-2554-4ad6-88fe-c8e154f84048-1024x576.jpg\" data-object-fit=\"cover\" srcset=\"https:\/\/caminoalmare.com\/wp-content\/uploads\/2026\/02\/6e7ca977-2554-4ad6-88fe-c8e154f84048-1024x576.jpg 1024w, https:\/\/caminoalmare.com\/wp-content\/uploads\/2026\/02\/6e7ca977-2554-4ad6-88fe-c8e154f84048-250x141.jpg 250w, https:\/\/caminoalmare.com\/wp-content\/uploads\/2026\/02\/6e7ca977-2554-4ad6-88fe-c8e154f84048-1536x864.jpg 1536w, https:\/\/caminoalmare.com\/wp-content\/uploads\/2026\/02\/6e7ca977-2554-4ad6-88fe-c8e154f84048-480x270.jpg 480w, https:\/\/caminoalmare.com\/wp-content\/uploads\/2026\/02\/6e7ca977-2554-4ad6-88fe-c8e154f84048.jpg 1600w\" sizes=\"auto, (max-width: 1024px) 100vw, 1024px\" \/><span aria-hidden=\"true\" class=\"wp-block-cover__background has-background-dim-0 has-background-dim\" style=\"background-color:#808084\"><\/span><div class=\"wp-block-cover__inner-container is-layout-constrained wp-block-cover-is-layout-constrained\">\n<p class=\"has-text-align-center has-large-font-size\"><\/p>\n<\/div><\/div>\n\n\n\n<section style=\"background-color:#fafafa\" class=\"wp-block-agctexdomain-wrapper-agcblocks alignwide paddingTopBottom60 paddingTopBottomTablet60 paddingTopBottomMobile50 paddingLeftRight0 paddingLeftRightTablet0 paddingLeftRightMobile0 backgroundNoRepeat backgroundCover alturaDefault\"><div class=\"container\"><div class=\"wrapper-inner-blocks\" style=\"max-width:840px\">\n<section class=\"wp-block-agctexdomain-columnas-agcblocks alignwide columnas col-1 col-1-a paddingTopBottom0 paddingTopBottomTablet0 paddingTopBottomMobile0 alturaDefault\"><div class=\"container\">\n<div class=\"wp-block-agctexdomain-columna-agcblocks Columna ag-animation css-animacionNone alineacion-vertical-top\" data-ag-animation=\"animacionNone\" style=\"text-align:left\"><div class=\"ColumnaContent paddingTopBottom0 paddingTopBottomTablet0 paddingTopBottomMobile0 paddingLeftRight20 paddingLeftRightTablet20 paddingLeftRightMobile20\"><div class=\"animate-sal-block\" data-sal=\"slide-up\" data-sal-duration=\"800\" data-sal-delay=\"100\">\n        \n\n<h2 class=\"wp-block-heading has-text-align-center font-lato\" style=\"font-size:28px;text-transform:none\"><strong>Yacht Management<\/strong><\/h2>\n\n\n\n<p class=\"has-text-align-center\" style=\"font-size:24px;line-height:1.3\">Una experiencia de navegaci\u00f3n sin preocupaciones, respaldada por un manejo profesional y transparente.<\/p>\n\n\n\n<div style=\"height:10px\" aria-hidden=\"true\" class=\"wp-block-spacer\"><\/div>\n\n\n\n<p class=\"has-text-align-center\">En Camino al Mare, entendemos que un yate es para disfrutarse, no para administrarse. Nuestro servicio de Yacht Management est\u00e1 dise\u00f1ado para que cada salida al mar sea perfecta, cuidando cada detalle operativo, t\u00e9cnico y administrativo de tu embarcaci\u00f3n.<\/p>\n\n\n\n<p><\/p>\n\n\n\n<p class=\"has-text-align-center\"><\/p>\n\n\n    <\/div><\/div> <\/div>\n<\/div> <div class=\"bg-forma bg-forma-display-none\"><\/div><\/section>\n<\/div><\/div> <div class=\"bg-forma\"><\/div><\/section>\n\n\n\n<section class=\"wp-block-agctexdomain-wrapper-agcblocks alignfull paddingTopBottom0 paddingTopBottomTablet0 paddingTopBottomMobile0 paddingLeftRight0 paddingLeftRightTablet0 paddingLeftRightMobile0 backgroundNoRepeat backgroundCover alturaDefault\"><div class=\"container\"><div class=\"wrapper-inner-blocks\">\n<section class=\"wp-block-agctexdomain-columnas-agcblocks alignwide columnas col-1 col-1-a paddingTopBottom0 paddingTopBottomTablet0 paddingTopBottomMobile0 alturaDefault\"><div class=\"container\">\n<div class=\"wp-block-agctexdomain-columna-agcblocks Columna ag-animation css-animacionNone alineacion-vertical-top\" data-ag-animation=\"animacionNone\" style=\"text-align:left\"><div class=\"ColumnaContent paddingTopBottom0 paddingTopBottomTablet0 paddingTopBottomMobile0 paddingLeftRight0 paddingLeftRightTablet0 paddingLeftRightMobile0\">  <div class=\"wrap-galeria-stage-padding life-style-height size-objectfit-contain\">\n        <div class=\"galeria-stage-padding\">\n                                                <div class=\"item\">\n                <div class=\"content-item\">\n                <a class=\"fancybox\" data-fancybox=\"gallery-wrapper\" href=\"https:\/\/caminoalmare.com\/wp-content\/uploads\/2026\/02\/turismo-nautico-sostenible-mar-limpio.jpg\">                <figure><img decoding=\"async\" src=\"https:\/\/caminoalmare.com\/wp-content\/uploads\/2026\/02\/turismo-nautico-sostenible-mar-limpio.jpg\" alt=\"Vista a\u00e9rea de un yate navegando en mar abierto con aguas cristalinas, ilustrando la libertad y el compromiso con la sostenibilidad del turismo n\u00e1utico.\" \/><\/figure> \n                                <span class=\"hover-gallery\">\n                        <span class=\"icon\"><\/span>\n                        <span class=\"overlay\"><\/span>\n                <\/span>\n                <\/a> \n                <\/div>\n                <\/div>\n                                                <div class=\"item\">\n                <div class=\"content-item\">\n                <a class=\"fancybox\" data-fancybox=\"gallery-wrapper\" href=\"https:\/\/caminoalmare.com\/wp-content\/uploads\/2022\/09\/galeon-440-fly-08.jpg\">                <figure><img decoding=\"async\" src=\"https:\/\/caminoalmare.com\/wp-content\/uploads\/2022\/09\/galeon-440-fly-08.jpg\" alt=\"\" \/><\/figure> \n                                <span class=\"hover-gallery\">\n                        <span class=\"icon\"><\/span>\n                        <span class=\"overlay\"><\/span>\n                <\/span>\n                <\/a> \n                <\/div>\n                <\/div>\n                                                <div class=\"item\">\n                <div class=\"content-item\">\n                <a class=\"fancybox\" data-fancybox=\"gallery-wrapper\" href=\"https:\/\/caminoalmare.com\/wp-content\/uploads\/2022\/09\/galeon-440-fly-12.jpg\">                <figure><img decoding=\"async\" src=\"https:\/\/caminoalmare.com\/wp-content\/uploads\/2022\/09\/galeon-440-fly-12.jpg\" alt=\"\" \/><\/figure> \n                                <span class=\"hover-gallery\">\n                        <span class=\"icon\"><\/span>\n                        <span class=\"overlay\"><\/span>\n                <\/span>\n                <\/a> \n                <\/div>\n                <\/div>\n                    \n        <\/div> \n<\/div>\n <\/div> <\/div>\n<\/div> <div class=\"bg-forma bg-forma-display-none\"><\/div><\/section>\n<\/div><\/div> <div class=\"bg-forma\"><\/div><\/section>\n\n\n\n<section style=\"background-color:#ffffff\" class=\"wp-block-agctexdomain-wrapper-agcblocks alignwide paddingTopBottom60 paddingTopBottomTablet60 paddingTopBottomMobile50 paddingLeftRight0 paddingLeftRightTablet0 paddingLeftRightMobile0 backgroundNoRepeat backgroundCover alturaDefault\"><div class=\"container\"><div class=\"wrapper-inner-blocks\" style=\"max-width:840px\">\n<section class=\"wp-block-agctexdomain-columnas-agcblocks alignwide columnas col-2 col-2-a paddingTopBottom0 paddingTopBottomTablet0 paddingTopBottomMobile0 alturaDefault\"><div class=\"container\">\n<div class=\"wp-block-agctexdomain-columna-agcblocks Columna ag-animation css-animacionNone alineacion-vertical-top\" data-ag-animation=\"animacionNone\" style=\"text-align:left\"><div class=\"ColumnaContent paddingTopBottom0 paddingTopBottomTablet0 paddingTopBottomMobile0 paddingLeftRight20 paddingLeftRightTablet20 paddingLeftRightMobile20\"><div class=\"animate-sal-block\" data-sal=\"slide-up\" data-sal-duration=\"800\" data-sal-delay=\"100\">\n        \n\n<p class=\"is-style-justificar\">Nos encargamos de la gesti\u00f3n integral del yate, desde el mantenimiento preventivo y correctivo, la coordinaci\u00f3n de tripulaci\u00f3n y proveedores, hasta la supervisi\u00f3n de costos, seguros y cumplimiento normativo. Todo con la finalidad de proteger tu inversi\u00f3n y garantizar que tu yate est\u00e9 siempre listo para navegar.<\/p>\n\n\n\n<p class=\"has-text-align-center\"><\/p>\n\n\n    <\/div><\/div> <\/div>\n\n\n\n<div class=\"wp-block-agctexdomain-columna-agcblocks Columna ag-animation css-animacionNone alineacion-vertical-top\" data-ag-animation=\"animacionNone\" style=\"text-align:left\"><div class=\"ColumnaContent paddingTopBottom0 paddingTopBottomTablet0 paddingTopBottomMobile0 paddingLeftRight20 paddingLeftRightTablet20 paddingLeftRightMobile20\"><div class=\"animate-sal-block\" data-sal=\"slide-up\" data-sal-duration=\"800\" data-sal-delay=\"100\">\n        \n\n<p class=\"is-style-justificar\">Con un trato cercano y reportes claros, ofrecemos tranquilidad total y la certeza de que tu embarcaci\u00f3n est\u00e1 en manos expertas, mientras t\u00fa te concentras en lo m\u00e1s importante: elevar tu estilo de vida en el mar.<\/p>\n\n\n\n<p class=\"has-text-align-center\"><\/p>\n\n\n    <\/div><\/div> <\/div>\n<\/div> <div class=\"bg-forma bg-forma-display-none\"><\/div><\/section>\n<\/div><\/div> <div class=\"bg-forma\"><\/div><\/section>\n\n\n\n<div class=\"wp-block-cover alignfull is-light hero-landing-footer\" style=\"min-height:60vh;aspect-ratio:unset;\"><img loading=\"lazy\" decoding=\"async\" width=\"1024\" height=\"684\" class=\"wp-block-cover__image-background wp-image-17048 size-large\" alt=\"\" src=\"https:\/\/caminoalmare.com\/wp-content\/uploads\/2022\/09\/galeon-440-fly-09-1024x684.jpg\" data-object-fit=\"cover\" srcset=\"https:\/\/caminoalmare.com\/wp-content\/uploads\/2022\/09\/galeon-440-fly-09-1024x684.jpg 1024w, https:\/\/caminoalmare.com\/wp-content\/uploads\/2022\/09\/galeon-440-fly-09-250x167.jpg 250w, https:\/\/caminoalmare.com\/wp-content\/uploads\/2022\/09\/galeon-440-fly-09-1536x1026.jpg 1536w, https:\/\/caminoalmare.com\/wp-content\/uploads\/2022\/09\/galeon-440-fly-09-480x321.jpg 480w, https:\/\/caminoalmare.com\/wp-content\/uploads\/2022\/09\/galeon-440-fly-09.jpg 1600w\" sizes=\"auto, (max-width: 1024px) 100vw, 1024px\" \/><span aria-hidden=\"true\" class=\"wp-block-cover__background has-color-4-background-color has-background-dim-10 has-background-dim\"><\/span><div class=\"wp-block-cover__inner-container is-layout-constrained wp-block-cover-is-layout-constrained\">\n<p class=\"has-text-align-center has-text-color has-link-color has-large-font-size wp-elements-01cd2b1a3f4c7ee5088e8f5ca4bb9a83\" style=\"color:#ffffff\"><strong>Yacht Management<\/strong><\/p>\n<\/div><\/div>\n","protected":false},"excerpt":{"rendered":"","protected":false},"author":1,"featured_media":0,"parent":0,"menu_order":4,"comment_status":"closed","ping_status":"closed","template":"","meta":{"_acf_changed":false,"footnotes":""},"class_list":["post-17579","page","type-page","status-publish","hentry"],"acf":[],"_links":{"self":[{"href":"https:\/\/caminoalmare.com\/es\/wp-json\/wp\/v2\/pages\/17579","targetHints":{"allow":["GET"]}}],"collection":[{"href":"https:\/\/caminoalmare.com\/es\/wp-json\/wp\/v2\/pages"}],"about":[{"href":"https:\/\/caminoalmare.com\/es\/wp-json\/wp\/v2\/types\/page"}],"author":[{"embeddable":true,"href":"https:\/\/caminoalmare.com\/es\/wp-json\/wp\/v2\/users\/1"}],"replies":[{"embeddable":true,"href":"https:\/\/caminoalmare.com\/es\/wp-json\/wp\/v2\/comments?post=17579"}],"version-history":[{"count":9,"href":"https:\/\/caminoalmare.com\/es\/wp-json\/wp\/v2\/pages\/17579\/revisions"}],"predecessor-version":[{"id":17605,"href":"https:\/\/caminoalmare.com\/es\/wp-json\/wp\/v2\/pages\/17579\/revisions\/17605"}],"wp:attachment":[{"href":"https:\/\/caminoalmare.com\/es\/wp-json\/wp\/v2\/media?parent=17579"}],"curies":[{"name":"wp","href":"https:\/\/api.w.org\/{rel}","templated":true}]}}