{"id":9082,"date":"2015-10-07T20:00:57","date_gmt":"2015-10-08T01:00:57","guid":{"rendered":"https:\/\/caminoalmare.com\/contacte-con\/"},"modified":"2024-05-13T11:49:13","modified_gmt":"2024-05-13T17:49:13","slug":"contacto","status":"publish","type":"page","link":"https:\/\/caminoalmare.com\/es\/contacto\/","title":{"rendered":"Contacto"},"content":{"rendered":"\n<div class=\"wp-block-cover alignfull header-top-page-interior\"><span aria-hidden=\"true\" class=\"wp-block-cover__background has-background-dim-20 has-background-dim\"><\/span><img loading=\"lazy\" decoding=\"async\" width=\"1024\" height=\"767\" class=\"wp-block-cover__image-background wp-image-4259\" alt=\"\" src=\"https:\/\/caminoalmare.com\/wp-content\/uploads\/2021\/12\/400gal-2.jpg\" data-object-fit=\"cover\" srcset=\"https:\/\/caminoalmare.com\/wp-content\/uploads\/2021\/12\/400gal-2.jpg 1024w, https:\/\/caminoalmare.com\/wp-content\/uploads\/2021\/12\/400gal-2-250x187.jpg 250w, https:\/\/caminoalmare.com\/wp-content\/uploads\/2021\/12\/400gal-2-480x360.jpg 480w, https:\/\/caminoalmare.com\/wp-content\/uploads\/2021\/12\/400gal-2-380x285.jpg 380w, https:\/\/caminoalmare.com\/wp-content\/uploads\/2021\/12\/400gal-2-768x575.jpg 768w\" sizes=\"auto, (max-width: 1024px) 100vw, 1024px\" \/><div class=\"wp-block-cover__inner-container is-layout-flow wp-block-cover-is-layout-flow\">\n<p class=\"has-large-font-size\"><\/p>\n<\/div><\/div>\n\n\n\n<section class=\"wp-block-agctexdomain-wrapper-agcblocks alignwide paddingTopBottom80 paddingTopBottomTablet50 paddingTopBottomMobile50 paddingLeftRight0 paddingLeftRightTablet0 paddingLeftRightMobile0 backgroundNoRepeat backgroundCover alturaDefault\"><div class=\"container\"><div class=\"wrapper-inner-blocks\">\n<section class=\"wp-block-agctexdomain-columnas-agcblocks alignwide columnas col-2 col-2-a paddingTopBottom0 paddingTopBottomTablet0 paddingTopBottomMobile0 alturaDefault\"><div class=\"container\">\n<div class=\"wp-block-agctexdomain-columna-agcblocks Columna ag-animation css-animacionNone alineacion-vertical-top\" data-ag-animation=\"animacionNone\" style=\"text-align:left\"><div class=\"ColumnaContent paddingTopBottom0 paddingTopBottomTablet0 paddingTopBottomMobile0 paddingLeftRight20 paddingLeftRightTablet20 paddingLeftRightMobile20\">\n<figure class=\"wp-block-image size-full\"><img loading=\"lazy\" decoding=\"async\" width=\"88\" height=\"105\" src=\"https:\/\/caminoalmare.com\/wp-content\/uploads\/2019\/10\/01-ICONO-LOGO.png\" alt=\"\" class=\"wp-image-2497\"\/><\/figure>\n\n\n\n<h2 class=\"wp-block-heading\">Contacto<\/h2>\n\n\n\n<p>Si necesita m\u00e1s informaci\u00f3n,  cont\u00e1ctanos a trav\u00e9s del siguiente formulario, te atenderemos lo antes posible. Gracias!<\/p>\n\n\n<div class=\"wrap-redes wrap-redes-shortcode\">  \n <div class=\"redes-sociales\">\n    <span class=\"texto-siguenos\">Follow us<\/span>\n        <a href=\"https:\/\/www.facebook.com\/CaminoAlMare\" class=\"social-icofacebook\" target=\"_blank\" rel=\"noopener\">\n        <small>\n        <svg preserveAspectRatio=\"none\" aria-hidden=\"true\" focusable=\"false\" data-prefix=\"fab\" data-icon=\"facebook-f\" class=\"svg-inline--fa fa-facebook-f fa-w-10\" role=\"img\" xmlns=\"http:\/\/www.w3.org\/2000\/svg\" viewBox=\"0 0 320 512\"><path d=\"M279.14 288l14.22-92.66h-88.91v-60.13c0-25.35 12.42-50.06 52.24-50.06h40.42V6.26S260.43 0 225.36 0c-73.22 0-121.08 44.38-121.08 124.72v70.62H22.89V288h81.39v224h100.17V288z\"><\/path><\/svg>\n        <\/small>\n        <span>Facebook<\/span>\n    <\/a>\n            <a href=\"https:\/\/www.instagram.com\/CaminoAlMare\/\" class=\"social-icoinstagram\" target=\"_blank\" rel=\"noopener\">\n            <small>\n            <svg preserveAspectRatio=\"none\" aria-hidden=\"true\" focusable=\"false\" data-prefix=\"fab\" data-icon=\"instagram\" class=\"svg-inline--fa fa-instagram fa-w-14\" role=\"img\" xmlns=\"http:\/\/www.w3.org\/2000\/svg\" viewBox=\"0 0 448 512\"><path d=\"M224.1 141c-63.6 0-114.9 51.3-114.9 114.9s51.3 114.9 114.9 114.9S339 319.5 339 255.9 287.7 141 224.1 141zm0 189.6c-41.1 0-74.7-33.5-74.7-74.7s33.5-74.7 74.7-74.7 74.7 33.5 74.7 74.7-33.6 74.7-74.7 74.7zm146.4-194.3c0 14.9-12 26.8-26.8 26.8-14.9 0-26.8-12-26.8-26.8s12-26.8 26.8-26.8 26.8 12 26.8 26.8zm76.1 27.2c-1.7-35.9-9.9-67.7-36.2-93.9-26.2-26.2-58-34.4-93.9-36.2-37-2.1-147.9-2.1-184.9 0-35.8 1.7-67.6 9.9-93.9 36.1s-34.4 58-36.2 93.9c-2.1 37-2.1 147.9 0 184.9 1.7 35.9 9.9 67.7 36.2 93.9s58 34.4 93.9 36.2c37 2.1 147.9 2.1 184.9 0 35.9-1.7 67.7-9.9 93.9-36.2 26.2-26.2 34.4-58 36.2-93.9 2.1-37 2.1-147.8 0-184.8zM398.8 388c-7.8 19.6-22.9 34.7-42.6 42.6-29.5 11.7-99.5 9-132.1 9s-102.7 2.6-132.1-9c-19.6-7.8-34.7-22.9-42.6-42.6-11.7-29.5-9-99.5-9-132.1s-2.6-102.7 9-132.1c7.8-19.6 22.9-34.7 42.6-42.6 29.5-11.7 99.5-9 132.1-9s102.7-2.6 132.1 9c19.6 7.8 34.7 22.9 42.6 42.6 11.7 29.5 9 99.5 9 132.1s2.7 102.7-9 132.1z\"><\/path><\/svg>\n            <\/small>\n            <span>Instagram<\/span>\n        <\/a>\n                <a href=\"https:\/\/www.youtube.com\/channel\/UCQYSFzOEkaXxijaQYymy7Wg\" class=\"social-icoyoutube\" target=\"_blank\" rel=\"noopener\">\n            <small>\n            <svg preserveAspectRatio=\"none\" aria-hidden=\"true\" focusable=\"false\" data-prefix=\"fab\" data-icon=\"youtube\" class=\"svg-inline--fa fa-youtube fa-w-18\" role=\"img\" xmlns=\"http:\/\/www.w3.org\/2000\/svg\" viewBox=\"0 0 576 512\"><path d=\"M549.655 124.083c-6.281-23.65-24.787-42.276-48.284-48.597C458.781 64 288 64 288 64S117.22 64 74.629 75.486c-23.497 6.322-42.003 24.947-48.284 48.597-11.412 42.867-11.412 132.305-11.412 132.305s0 89.438 11.412 132.305c6.281 23.65 24.787 41.5 48.284 47.821C117.22 448 288 448 288 448s170.78 0 213.371-11.486c23.497-6.321 42.003-24.171 48.284-47.821 11.412-42.867 11.412-132.305 11.412-132.305s0-89.438-11.412-132.305zm-317.51 213.508V175.185l142.739 81.205-142.739 81.201z\"><\/path><\/svg>\n            <\/small>\n            <span>Youtube<\/span>\n        <\/a>\n        <\/div> \n<\/div>\n<\/div> <\/div>\n\n\n\n<div class=\"wp-block-agctexdomain-columna-agcblocks Columna ag-animation css-animacionNone alineacion-vertical-top\" data-ag-animation=\"animacionNone\" style=\"text-align:left\"><div class=\"ColumnaContent paddingTopBottom0 paddingTopBottomTablet0 paddingTopBottomMobile0 paddingLeftRight20 paddingLeftRightTablet20 paddingLeftRightMobile20\">\n<div class=\"wp-block-contact-form-7-contact-form-selector form-contacto\">\n<div class=\"wpcf7 no-js\" id=\"wpcf7-f9194-o1\" lang=\"es-ES\" dir=\"ltr\" data-wpcf7-id=\"9194\">\n<div class=\"screen-reader-response\"><p role=\"status\" aria-live=\"polite\" aria-atomic=\"true\"><\/p> <ul><\/ul><\/div>\n<form action=\"\/es\/wp-json\/wp\/v2\/pages\/9082#wpcf7-f9194-o1\" method=\"post\" class=\"wpcf7-form init\" aria-label=\"Formulario de contacto\" novalidate=\"novalidate\" data-status=\"init\">\n<fieldset class=\"hidden-fields-container\"><input type=\"hidden\" name=\"_wpcf7\" value=\"9194\" \/><input type=\"hidden\" name=\"_wpcf7_version\" value=\"6.1.5\" \/><input type=\"hidden\" name=\"_wpcf7_locale\" value=\"es_ES\" \/><input type=\"hidden\" name=\"_wpcf7_unit_tag\" value=\"wpcf7-f9194-o1\" \/><input type=\"hidden\" name=\"_wpcf7_container_post\" value=\"0\" \/><input type=\"hidden\" name=\"_wpcf7_posted_data_hash\" value=\"\" \/><input type=\"hidden\" name=\"_wpcf7cf_hidden_group_fields\" value=\"[]\" \/><input type=\"hidden\" name=\"_wpcf7cf_hidden_groups\" value=\"[]\" \/><input type=\"hidden\" name=\"_wpcf7cf_visible_groups\" value=\"[]\" \/><input type=\"hidden\" name=\"_wpcf7cf_repeaters\" value=\"[]\" \/><input type=\"hidden\" name=\"_wpcf7cf_steps\" value=\"{}\" \/><input type=\"hidden\" name=\"_wpcf7cf_options\" value=\"{&quot;form_id&quot;:9194,&quot;conditions&quot;:[],&quot;settings&quot;:{&quot;animation&quot;:&quot;yes&quot;,&quot;animation_intime&quot;:200,&quot;animation_outtime&quot;:200,&quot;conditions_ui&quot;:&quot;normal&quot;,&quot;notice_dismissed&quot;:false,&quot;notice_dismissed_rollback-cf7-5.8&quot;:true,&quot;notice_dismissed_rollback-cf7-5.8.6&quot;:true}}\" \/><input type=\"hidden\" name=\"_wpcf7_recaptcha_response\" value=\"\" \/>\n<\/fieldset>\n<p>Nombre <span>*<\/span><br><span class=\"wpcf7-form-control-wrap\" data-name=\"your-name\"><input size=\"40\" maxlength=\"400\" class=\"wpcf7-form-control wpcf7-text wpcf7-validates-as-required\" aria-required=\"true\" aria-invalid=\"false\" value=\"\" type=\"text\" name=\"your-name\" \/><\/span> <\/p>\n\n<p>Correo electr\u00f3nico <span>*<\/span><br><span class=\"wpcf7-form-control-wrap\" data-name=\"your-email\"><input size=\"40\" maxlength=\"400\" class=\"wpcf7-form-control wpcf7-email wpcf7-validates-as-required wpcf7-text wpcf7-validates-as-email\" aria-required=\"true\" aria-invalid=\"false\" value=\"\" type=\"email\" name=\"your-email\" \/><\/span> <\/p>\n\n<p>Tel\u00e9fono <span>*<\/span><br><span class=\"wpcf7-form-control-wrap\" data-name=\"tel-162\"><input size=\"40\" maxlength=\"400\" class=\"wpcf7-form-control wpcf7-tel wpcf7-validates-as-required wpcf7-text wpcf7-validates-as-tel\" aria-required=\"true\" aria-invalid=\"false\" value=\"\" type=\"tel\" name=\"tel-162\" \/><\/span> <\/p>\n\n<p>Dimensi\u00f3n <span>*<\/span><small style=\"display: block; font-size: 13px; color: #333;\">Agregar Dimensi\u00f3n deseada para la embarcaci\u00f3n en b\u00fasqueda<\/small>\n<span class=\"wpcf7-form-control-wrap\" data-name=\"dimension\"><input size=\"40\" maxlength=\"400\" class=\"wpcf7-form-control wpcf7-text wpcf7-validates-as-required\" aria-required=\"true\" aria-invalid=\"false\" value=\"\" type=\"text\" name=\"dimension\" \/><\/span>\n<\/p>\n\n<p>\nMarca <span>*<\/span><br>\n<span class=\"wpcf7-form-control-wrap\" data-name=\"marca\"><select class=\"wpcf7-form-control wpcf7-select wpcf7-validates-as-required\" aria-required=\"true\" aria-invalid=\"false\" name=\"marca\"><option value=\"\">Elegir Marca de b\u00fasqueda<\/option><option value=\"Omaya Yachts\">Omaya Yachts<\/option><option value=\"Sirena Yachts\">Sirena Yachts<\/option><option value=\"Steeler Yachts\">Steeler Yachts<\/option><option value=\"Bronson Marine\">Bronson Marine<\/option><option value=\"Galeon Yachts\">Galeon Yachts<\/option><option value=\"ZAR Formenti\">ZAR Formenti<\/option><option value=\"Cormorant Yachts\">Cormorant Yachts<\/option><option value=\"Bertram Yacht\">Bertram Yacht<\/option><option value=\"Amer Yachts\">Amer Yachts<\/option><option value=\"THE Dinghy Davit\">THE Dinghy Davit<\/option><option value=\"Rainman Watermaker\">Rainman Watermaker<\/option><\/select><\/span>\n<\/p>\n\n\n<p>Mensaje<br><span class=\"wpcf7-form-control-wrap\" data-name=\"your-message\"><textarea cols=\"40\" rows=\"10\" maxlength=\"2000\" class=\"wpcf7-form-control wpcf7-textarea\" aria-invalid=\"false\" name=\"your-message\"><\/textarea><\/span> <\/p>\n\n<span id=\"wpcf7-69db9dae18e25-wrapper\" class=\"wpcf7-form-control-wrap mail-wrap\" style=\"display:none !important; visibility:hidden !important;\"><label for=\"wpcf7-69db9dae18e25-field\" class=\"hp-message\">Por favor, deja este campo vac\u00edo.<\/label><input id=\"wpcf7-69db9dae18e25-field\"  class=\"wpcf7-form-control wpcf7-text\" type=\"text\" name=\"mail\" value=\"\" size=\"40\" tabindex=\"-1\" autocomplete=\"new-password\" \/><\/span>\n\n<div class=\"recaptcha-google\">  Este sitio est\u00e1 protegido por reCAPTCHA y se aplican la <a href=\"https:\/\/policies.google.com\/privacy\" target=\"_blank\" rel=\"noopener\">pol\u00edtica de privacidad<\/a> y las <a href=\"https:\/\/policies.google.com\/terms\" target=\"_blank\" rel=\"noopener\">condiciones de servicio<\/a> de Google.  <\/div>\n\n<p><input class=\"wpcf7-form-control wpcf7-submit has-spinner\" type=\"submit\" value=\"Submit\" \/><\/p><div class=\"wpcf7-response-output\" aria-hidden=\"true\"><\/div>\n<\/form>\n<\/div>\n<\/div>\n<\/div> <\/div>\n<\/div> <div class=\"bg-forma bg-forma-display-none\"><\/div><\/section>\n<\/div><\/div> <div class=\"bg-forma\"><\/div><\/section>\n","protected":false},"excerpt":{"rendered":"","protected":false},"author":1,"featured_media":0,"parent":0,"menu_order":26,"comment_status":"closed","ping_status":"closed","template":"","meta":{"_acf_changed":false,"footnotes":""},"class_list":["post-9082","page","type-page","status-publish","hentry"],"acf":[],"_links":{"self":[{"href":"https:\/\/caminoalmare.com\/es\/wp-json\/wp\/v2\/pages\/9082","targetHints":{"allow":["GET"]}}],"collection":[{"href":"https:\/\/caminoalmare.com\/es\/wp-json\/wp\/v2\/pages"}],"about":[{"href":"https:\/\/caminoalmare.com\/es\/wp-json\/wp\/v2\/types\/page"}],"author":[{"embeddable":true,"href":"https:\/\/caminoalmare.com\/es\/wp-json\/wp\/v2\/users\/1"}],"replies":[{"embeddable":true,"href":"https:\/\/caminoalmare.com\/es\/wp-json\/wp\/v2\/comments?post=9082"}],"version-history":[{"count":0,"href":"https:\/\/caminoalmare.com\/es\/wp-json\/wp\/v2\/pages\/9082\/revisions"}],"wp:attachment":[{"href":"https:\/\/caminoalmare.com\/es\/wp-json\/wp\/v2\/media?parent=9082"}],"curies":[{"name":"wp","href":"https:\/\/api.w.org\/{rel}","templated":true}]}}