{"id":278,"date":"2022-05-10T16:03:06","date_gmt":"2022-05-10T16:03:06","guid":{"rendered":"https:\/\/caminoalmare.com\/rainmanmexico\/?page_id=278"},"modified":"2022-06-07T20:55:43","modified_gmt":"2022-06-07T20:55:43","slug":"contacto","status":"publish","type":"page","link":"https:\/\/caminoalmare.com\/rainmanmexico\/contacto\/","title":{"rendered":"Contacto"},"content":{"rendered":"\n<section class=\"wp-block-agctexdomain-wrapper-agcblocks alignwide paddingTopBottom260 paddingTopBottomTablet180 paddingTopBottomMobile180 paddingLeftRight0 paddingLeftRightTablet0 paddingLeftRightMobile0 backgroundNoRepeat backgroundCover alturaDefault\"><div class=\"bg-cover-image backgroundNoRepeat backgroundCover\" style=\"background-image:url(https:\/\/caminoalmare.com\/rainmanmexico\/wp-content\/uploads\/2022\/04\/potabilizador-de-agua-rainman-portatil-3.jpg)\"><\/div><div class=\"container\"><div class=\"wrapper-inner-blocks\"><\/div><\/div> <div class=\"bg-forma\"><\/div><\/section>\n\n\n\n<section class=\"wp-block-agctexdomain-wrapper-agcblocks alignwide paddingTopBottom60 paddingTopBottomTablet50 paddingTopBottomMobile50 paddingLeftRight0 paddingLeftRightTablet0 paddingLeftRightMobile0 backgroundNoRepeat backgroundCover alturaDefault\"><div class=\"bg-cover-image backgroundNoRepeat backgroundCover\" style=\"background-image:url(https:\/\/caminoalmare.com\/rainmanmexico\/wp-content\/uploads\/2022\/05\/bg-02.jpg)\"><\/div><div class=\"container\"><div class=\"wrapper-inner-blocks\" style=\"max-width:900px\">\n<section class=\"wp-block-agctexdomain-columnas-agcblocks alignwide columnas col-2 col-2-a paddingTopBottom0 paddingTopBottomTablet0 paddingTopBottomMobile0 alturaDefault\"><div class=\"container\">\n<div class=\"wp-block-agctexdomain-columna-agcblocks Columna ag-animation css-animacionNone alineacion-vertical-top\" data-ag-animation=\"animacionNone\" style=\"text-align:left\"><div class=\"ColumnaContent paddingTopBottom0 paddingTopBottomTablet0 paddingTopBottomMobile0 paddingLeftRight20 paddingLeftRightTablet20 paddingLeftRightMobile20\">\n<figure class=\"wp-block-image size-full is-resized\"><img loading=\"lazy\" decoding=\"async\" src=\"https:\/\/caminoalmare.com\/rainmanmexico\/wp-content\/uploads\/2022\/05\/icono-rainman.png\" alt=\"\" class=\"wp-image-329\" width=\"100\" height=\"100\" srcset=\"https:\/\/caminoalmare.com\/rainmanmexico\/wp-content\/uploads\/2022\/05\/icono-rainman.png 400w, https:\/\/caminoalmare.com\/rainmanmexico\/wp-content\/uploads\/2022\/05\/icono-rainman-280x280.png 280w\" sizes=\"auto, (max-width: 100px) 100vw, 100px\" \/><\/figure>\n\n\n\n<div style=\"height:10px\" aria-hidden=\"true\" class=\"wp-block-spacer\"><\/div>\n\n\n\n<h1 class=\"has-color-1-color has-text-color wp-block-heading\" style=\"font-size:30px\">CONTACTO<\/h1>\n\n\n\n<p style=\"font-size:18px\">Si requieres de una cotizaci\u00f3n personalizada o bien tienes dudas sobre como funciona, cont\u00e1ctanos envi\u00e1ndonos un correo y de preferencia proporciona un tel\u00e9fono.<\/p>\n\n\n\n<p style=\"font-size:18px\">Pronto estaremos en contacto contigo, Gracias!<\/p>\n\n\n\n<div style=\"height:30px\" aria-hidden=\"true\" class=\"wp-block-spacer\"><\/div>\n<\/div> <\/div>\n\n\n\n<div class=\"wp-block-agctexdomain-columna-agcblocks Columna ag-animation css-animacionNone alineacion-vertical-top\" data-ag-animation=\"animacionNone\" style=\"text-align:left\"><div class=\"ColumnaContent paddingTopBottom0 paddingTopBottomTablet0 paddingTopBottomMobile0 paddingLeftRight40 paddingLeftRightTablet20 paddingLeftRightMobile20\">\n<div class=\"wpcf7 no-js\" id=\"wpcf7-f284-o1\" lang=\"es-ES\" dir=\"ltr\" data-wpcf7-id=\"284\">\n<div class=\"screen-reader-response\"><p role=\"status\" aria-live=\"polite\" aria-atomic=\"true\"><\/p> <ul><\/ul><\/div>\n<form action=\"\/rainmanmexico\/wp-json\/wp\/v2\/pages\/278#wpcf7-f284-o1\" method=\"post\" class=\"wpcf7-form init contacto-css\" aria-label=\"Formulario de contacto\" novalidate=\"novalidate\" data-status=\"init\">\n<fieldset class=\"hidden-fields-container\"><input type=\"hidden\" name=\"_wpcf7\" value=\"284\" \/><input type=\"hidden\" name=\"_wpcf7_version\" value=\"6.1.5\" \/><input type=\"hidden\" name=\"_wpcf7_locale\" value=\"es_ES\" \/><input type=\"hidden\" name=\"_wpcf7_unit_tag\" value=\"wpcf7-f284-o1\" \/><input type=\"hidden\" name=\"_wpcf7_container_post\" value=\"0\" \/><input type=\"hidden\" name=\"_wpcf7_posted_data_hash\" value=\"\" \/><input type=\"hidden\" name=\"_wpcf7_recaptcha_response\" value=\"\" \/>\n<\/fieldset>\n<div class=\"wrap-form wrap-form-2\">\n\t<div class=\"input-wrap-form\">\n\t\t<p><label>Nombre<\/label><span class=\"wpcf7-form-control-wrap\" data-name=\"your-name\"><input size=\"40\" maxlength=\"400\" class=\"wpcf7-form-control wpcf7-text wpcf7-validates-as-required\" aria-required=\"true\" aria-invalid=\"false\" value=\"\" type=\"text\" name=\"your-name\" \/><\/span>\n\t\t<\/p>\n\t<\/div>\n\t<div class=\"input-wrap-form\">\n\t\t<p><label>Tel\u00e9fono<\/label><span class=\"wpcf7-form-control-wrap\" data-name=\"tel-643\"><input size=\"40\" maxlength=\"400\" class=\"wpcf7-form-control wpcf7-tel wpcf7-validates-as-required wpcf7-text wpcf7-validates-as-tel\" aria-required=\"true\" aria-invalid=\"false\" value=\"\" type=\"tel\" name=\"tel-643\" \/><\/span>\n\t\t<\/p>\n\t<\/div>\n<\/div>\n<div class=\"wrap-form wrap-form-1\">\n\t<div class=\"input-wrap-form\">\n\t\t<p><label>Email<\/label><span class=\"wpcf7-form-control-wrap\" data-name=\"your-email\"><input size=\"40\" maxlength=\"400\" class=\"wpcf7-form-control wpcf7-email wpcf7-validates-as-required wpcf7-text wpcf7-validates-as-email\" aria-required=\"true\" aria-invalid=\"false\" value=\"\" type=\"email\" name=\"your-email\" \/><\/span>\n\t\t<\/p>\n\t<\/div>\n<\/div>\n<div class=\"wrap-form wrap-form-1\">\n\t<div class=\"input-wrap-form\">\n\t\t<p><label>Dudas o comentarios<\/label><span class=\"wpcf7-form-control-wrap\" data-name=\"your-message\"><textarea cols=\"40\" rows=\"10\" maxlength=\"2000\" class=\"wpcf7-form-control wpcf7-textarea wpcf7-validates-as-required\" aria-required=\"true\" aria-invalid=\"false\" name=\"your-message\"><\/textarea><\/span>\n\t\t<\/p>\n\t<\/div>\n<\/div>\n<div class=\"wrap-form wrap-form-1\">\n\t<div class=\"input-wrap-form\">\n\t\t<p><input class=\"wpcf7-form-control wpcf7-submit has-spinner\" type=\"submit\" value=\"Enviar\" \/>\n\t\t<\/p>\n\t<\/div>\n<\/div><div class=\"wpcf7-response-output\" aria-hidden=\"true\"><\/div>\n<\/form>\n<\/div>\n\n<\/div> <\/div>\n<\/div> <div class=\"bg-forma bg-forma-display-none\"><\/div><\/section>\n<\/div><\/div><div class=\"overlay\" style=\"opacity:0.70;background-color:#ffffff\"><\/div><div class=\"bg-forma\"><\/div><\/section>\n","protected":false},"excerpt":{"rendered":"","protected":false},"author":1,"featured_media":0,"parent":0,"menu_order":0,"comment_status":"closed","ping_status":"closed","template":"","meta":{"_acf_changed":false,"footnotes":""},"class_list":["post-278","page","type-page","status-publish","hentry"],"acf":[],"yoast_head":"<!-- This site is optimized with the Yoast SEO plugin v27.6 - https:\/\/yoast.com\/product\/yoast-seo-wordpress\/ -->\n<title>Aparato para desalinizar agua, Purificador de agua de mar, Rainman M\u00e9xico<\/title>\n<meta name=\"description\" content=\"Aparato para desalinizar agua, purificador de agua de mar, Filtros para eliminar la sal del agua, purificador de agua de mar\" \/>\n<meta name=\"robots\" content=\"index, follow, max-snippet:-1, max-image-preview:large, max-video-preview:-1\" \/>\n<link rel=\"canonical\" href=\"https:\/\/caminoalmare.com\/rainmanmexico\/contacto\/\" \/>\n<meta property=\"og:locale\" content=\"es_ES\" \/>\n<meta property=\"og:type\" content=\"article\" \/>\n<meta property=\"og:title\" content=\"Aparato para desalinizar agua, Purificador de agua de mar, Rainman M\u00e9xico\" \/>\n<meta property=\"og:description\" content=\"Aparato para desalinizar agua, purificador de agua de mar, Filtros para eliminar la sal del agua, purificador de agua de mar\" \/>\n<meta property=\"og:url\" content=\"https:\/\/caminoalmare.com\/rainmanmexico\/contacto\/\" \/>\n<meta property=\"og:site_name\" content=\"Rainman Potabilizadores de Agua Salada\" \/>\n<meta property=\"article:modified_time\" content=\"2022-06-07T20:55:43+00:00\" \/>\n<meta property=\"og:image\" content=\"https:\/\/caminoalmare.com\/rainmanmexico\/wp-content\/uploads\/2022\/05\/icono-rainman.png\" \/>\n<meta name=\"twitter:card\" content=\"summary_large_image\" \/>\n<meta name=\"twitter:label1\" content=\"Tiempo de lectura\" \/>\n\t<meta name=\"twitter:data1\" content=\"1 minuto\" \/>\n<script type=\"application\/ld+json\" class=\"yoast-schema-graph\">{\"@context\":\"https:\\\/\\\/schema.org\",\"@graph\":[{\"@type\":\"WebPage\",\"@id\":\"https:\\\/\\\/caminoalmare.com\\\/rainmanmexico\\\/contacto\\\/\",\"url\":\"https:\\\/\\\/caminoalmare.com\\\/rainmanmexico\\\/contacto\\\/\",\"name\":\"Aparato para desalinizar agua, Purificador de agua de mar, Rainman M\u00e9xico\",\"isPartOf\":{\"@id\":\"https:\\\/\\\/caminoalmare.com\\\/rainmanmexico\\\/#website\"},\"primaryImageOfPage\":{\"@id\":\"https:\\\/\\\/caminoalmare.com\\\/rainmanmexico\\\/contacto\\\/#primaryimage\"},\"image\":{\"@id\":\"https:\\\/\\\/caminoalmare.com\\\/rainmanmexico\\\/contacto\\\/#primaryimage\"},\"thumbnailUrl\":\"https:\\\/\\\/caminoalmare.com\\\/rainmanmexico\\\/wp-content\\\/uploads\\\/2022\\\/05\\\/icono-rainman.png\",\"datePublished\":\"2022-05-10T16:03:06+00:00\",\"dateModified\":\"2022-06-07T20:55:43+00:00\",\"description\":\"Aparato para desalinizar agua, purificador de agua de mar, Filtros para eliminar la sal del agua, purificador de agua de mar\",\"breadcrumb\":{\"@id\":\"https:\\\/\\\/caminoalmare.com\\\/rainmanmexico\\\/contacto\\\/#breadcrumb\"},\"inLanguage\":\"es\",\"potentialAction\":[{\"@type\":\"ReadAction\",\"target\":[\"https:\\\/\\\/caminoalmare.com\\\/rainmanmexico\\\/contacto\\\/\"]}]},{\"@type\":\"ImageObject\",\"inLanguage\":\"es\",\"@id\":\"https:\\\/\\\/caminoalmare.com\\\/rainmanmexico\\\/contacto\\\/#primaryimage\",\"url\":\"https:\\\/\\\/caminoalmare.com\\\/rainmanmexico\\\/wp-content\\\/uploads\\\/2022\\\/05\\\/icono-rainman.png\",\"contentUrl\":\"https:\\\/\\\/caminoalmare.com\\\/rainmanmexico\\\/wp-content\\\/uploads\\\/2022\\\/05\\\/icono-rainman.png\",\"width\":400,\"height\":400},{\"@type\":\"BreadcrumbList\",\"@id\":\"https:\\\/\\\/caminoalmare.com\\\/rainmanmexico\\\/contacto\\\/#breadcrumb\",\"itemListElement\":[{\"@type\":\"ListItem\",\"position\":1,\"name\":\"Portada\",\"item\":\"https:\\\/\\\/caminoalmare.com\\\/rainmanmexico\\\/\"},{\"@type\":\"ListItem\",\"position\":2,\"name\":\"Contacto\"}]},{\"@type\":\"WebSite\",\"@id\":\"https:\\\/\\\/caminoalmare.com\\\/rainmanmexico\\\/#website\",\"url\":\"https:\\\/\\\/caminoalmare.com\\\/rainmanmexico\\\/\",\"name\":\"Rainman Potabilizadores de Agua Salada\",\"description\":\"Watermakers\",\"potentialAction\":[{\"@type\":\"SearchAction\",\"target\":{\"@type\":\"EntryPoint\",\"urlTemplate\":\"https:\\\/\\\/caminoalmare.com\\\/rainmanmexico\\\/?s={search_term_string}\"},\"query-input\":{\"@type\":\"PropertyValueSpecification\",\"valueRequired\":true,\"valueName\":\"search_term_string\"}}],\"inLanguage\":\"es\"}]}<\/script>\n<!-- \/ Yoast SEO plugin. -->","yoast_head_json":{"title":"Aparato para desalinizar agua, Purificador de agua de mar, Rainman M\u00e9xico","description":"Aparato para desalinizar agua, purificador de agua de mar, Filtros para eliminar la sal del agua, purificador de agua de mar","robots":{"index":"index","follow":"follow","max-snippet":"max-snippet:-1","max-image-preview":"max-image-preview:large","max-video-preview":"max-video-preview:-1"},"canonical":"https:\/\/caminoalmare.com\/rainmanmexico\/contacto\/","og_locale":"es_ES","og_type":"article","og_title":"Aparato para desalinizar agua, Purificador de agua de mar, Rainman M\u00e9xico","og_description":"Aparato para desalinizar agua, purificador de agua de mar, Filtros para eliminar la sal del agua, purificador de agua de mar","og_url":"https:\/\/caminoalmare.com\/rainmanmexico\/contacto\/","og_site_name":"Rainman Potabilizadores de Agua Salada","article_modified_time":"2022-06-07T20:55:43+00:00","og_image":[{"url":"https:\/\/caminoalmare.com\/rainmanmexico\/wp-content\/uploads\/2022\/05\/icono-rainman.png","type":"","width":"","height":""}],"twitter_card":"summary_large_image","twitter_misc":{"Tiempo de lectura":"1 minuto"},"schema":{"@context":"https:\/\/schema.org","@graph":[{"@type":"WebPage","@id":"https:\/\/caminoalmare.com\/rainmanmexico\/contacto\/","url":"https:\/\/caminoalmare.com\/rainmanmexico\/contacto\/","name":"Aparato para desalinizar agua, Purificador de agua de mar, Rainman M\u00e9xico","isPartOf":{"@id":"https:\/\/caminoalmare.com\/rainmanmexico\/#website"},"primaryImageOfPage":{"@id":"https:\/\/caminoalmare.com\/rainmanmexico\/contacto\/#primaryimage"},"image":{"@id":"https:\/\/caminoalmare.com\/rainmanmexico\/contacto\/#primaryimage"},"thumbnailUrl":"https:\/\/caminoalmare.com\/rainmanmexico\/wp-content\/uploads\/2022\/05\/icono-rainman.png","datePublished":"2022-05-10T16:03:06+00:00","dateModified":"2022-06-07T20:55:43+00:00","description":"Aparato para desalinizar agua, purificador de agua de mar, Filtros para eliminar la sal del agua, purificador de agua de mar","breadcrumb":{"@id":"https:\/\/caminoalmare.com\/rainmanmexico\/contacto\/#breadcrumb"},"inLanguage":"es","potentialAction":[{"@type":"ReadAction","target":["https:\/\/caminoalmare.com\/rainmanmexico\/contacto\/"]}]},{"@type":"ImageObject","inLanguage":"es","@id":"https:\/\/caminoalmare.com\/rainmanmexico\/contacto\/#primaryimage","url":"https:\/\/caminoalmare.com\/rainmanmexico\/wp-content\/uploads\/2022\/05\/icono-rainman.png","contentUrl":"https:\/\/caminoalmare.com\/rainmanmexico\/wp-content\/uploads\/2022\/05\/icono-rainman.png","width":400,"height":400},{"@type":"BreadcrumbList","@id":"https:\/\/caminoalmare.com\/rainmanmexico\/contacto\/#breadcrumb","itemListElement":[{"@type":"ListItem","position":1,"name":"Portada","item":"https:\/\/caminoalmare.com\/rainmanmexico\/"},{"@type":"ListItem","position":2,"name":"Contacto"}]},{"@type":"WebSite","@id":"https:\/\/caminoalmare.com\/rainmanmexico\/#website","url":"https:\/\/caminoalmare.com\/rainmanmexico\/","name":"Rainman Potabilizadores de Agua Salada","description":"Watermakers","potentialAction":[{"@type":"SearchAction","target":{"@type":"EntryPoint","urlTemplate":"https:\/\/caminoalmare.com\/rainmanmexico\/?s={search_term_string}"},"query-input":{"@type":"PropertyValueSpecification","valueRequired":true,"valueName":"search_term_string"}}],"inLanguage":"es"}]}},"_links":{"self":[{"href":"https:\/\/caminoalmare.com\/rainmanmexico\/wp-json\/wp\/v2\/pages\/278","targetHints":{"allow":["GET"]}}],"collection":[{"href":"https:\/\/caminoalmare.com\/rainmanmexico\/wp-json\/wp\/v2\/pages"}],"about":[{"href":"https:\/\/caminoalmare.com\/rainmanmexico\/wp-json\/wp\/v2\/types\/page"}],"author":[{"embeddable":true,"href":"https:\/\/caminoalmare.com\/rainmanmexico\/wp-json\/wp\/v2\/users\/1"}],"replies":[{"embeddable":true,"href":"https:\/\/caminoalmare.com\/rainmanmexico\/wp-json\/wp\/v2\/comments?post=278"}],"version-history":[{"count":0,"href":"https:\/\/caminoalmare.com\/rainmanmexico\/wp-json\/wp\/v2\/pages\/278\/revisions"}],"wp:attachment":[{"href":"https:\/\/caminoalmare.com\/rainmanmexico\/wp-json\/wp\/v2\/media?parent=278"}],"curies":[{"name":"wp","href":"https:\/\/api.w.org\/{rel}","templated":true}]}}